{"id":9211,"date":"2026-04-14T09:04:29","date_gmt":"2026-04-14T09:04:29","guid":{"rendered":"https:\/\/indlab.plus\/?page_id=9211"},"modified":"2026-04-15T09:00:28","modified_gmt":"2026-04-15T09:00:28","slug":"ventajas","status":"publish","type":"page","link":"https:\/\/indlab.plus\/index.php\/ventajas\/","title":{"rendered":"VENTAJAS"},"content":{"rendered":"\n<h2 class=\"wp-block-heading\"><\/h2>\n\n\n\n<div class=\"wp-block-group alignfull is-layout-flow wp-block-group-is-layout-flow\" style=\"padding-top:70px;padding-bottom:70px\">\n<div class=\"wp-block-group alignwide is-layout-flow wp-block-group-is-layout-flow\">\n<h2 class=\"wp-block-heading has-text-align-center\">Un \u00fanico valor para resumirlos a todos.<\/h2>\n\n\n\n<p class=\"has-text-align-center\">El \u00edndice Indlab pone fin a la interpretaci\u00f3n de los resultados anal\u00edticos que exigen amplios conocimientos, <\/p>\n\n\n\n<p class=\"has-text-align-center\">personal especializado y tiempo, mucho tiempo. Cualquier interesado, en un solo golpe de vista podr\u00e1 saber qu\u00e9 aceite es mejor.<\/p>\n<\/div>\n<\/div>\n\n\n\n<div class=\"wp-block-group alignfull has-bbe-neutral-100-background-color has-background is-layout-flow wp-block-group-is-layout-flow\" style=\"padding-top:70px;padding-bottom:70px\">\n<div class=\"wp-block-group alignwide is-layout-flow wp-block-group-is-layout-flow\">\n<h2 class=\"wp-block-heading has-text-align-center\">VENDEDORES<\/h2>\n\n\n\n<div class=\"wp-block-columns is-layout-flex wp-container-core-columns-is-layout-28f84493 wp-block-columns-is-layout-flex wpbbe-1\">\n<div class=\"wp-block-column is-layout-flow wp-block-column-is-layout-flow\">\n<h4 class=\"wp-block-heading\">Posicionamiento<\/h4>\n\n\n\n<ul class=\"wp-block-list\">\n<li>Defiende el valor real de tu aceite<\/li>\n\n\n\n<li>Adapta tu oferta a cada mercado<\/li>\n<\/ul>\n<\/div>\n\n\n\n<div class=\"wp-block-column is-layout-flow wp-block-column-is-layout-flow\">\n<h4 class=\"wp-block-heading\">Decisi\u00f3n estrat\u00e9gica<\/h4>\n\n\n\n<ul class=\"wp-block-list\">\n<li>Decide con datos fiables<\/li>\n\n\n\n<li>Clasifica tu bodega al instante<\/li>\n<\/ul>\n<\/div>\n\n\n\n<div class=\"wp-block-column is-layout-flow wp-block-column-is-layout-flow\">\n<h4 class=\"wp-block-heading\">Crecimiento<\/h4>\n\n\n\n<ul class=\"wp-block-list\">\n<li>Accede a mercados premium<\/li>\n\n\n\n<li>Mejora la calidad de tus aceites<\/li>\n<\/ul>\n<\/div>\n<\/div>\n<\/div>\n<\/div>\n\n\n\n<div class=\"wp-block-group alignfull is-layout-flow wp-block-group-is-layout-flow\" style=\"padding-top:70px;padding-bottom:70px\">\n<div class=\"wp-block-group alignwide is-layout-flow wp-block-group-is-layout-flow\">\n<h2 class=\"wp-block-heading has-text-align-center\">COMPRADORES<\/h2>\n\n\n\n<div class=\"wp-block-columns is-layout-flex wp-container-core-columns-is-layout-28f84493 wp-block-columns-is-layout-flex wpbbe-2\">\n<div class=\"wp-block-column is-layout-flow wp-block-column-is-layout-flow\">\n<h4 class=\"wp-block-heading\">Selecci\u00f3n r\u00e1pida<\/h4>\n\n\n\n<ul class=\"wp-block-list\">\n<li>Encuentra f\u00e1cilmente el aceite ideal<\/li>\n\n\n\n<li>Ahorra tiempo en la b\u00fasqueda<\/li>\n<\/ul>\n<\/div>\n\n\n\n<div class=\"wp-block-column is-layout-flow wp-block-column-is-layout-flow\">\n<h4 class=\"wp-block-heading\">Compra inteligente<\/h4>\n\n\n\n<ul class=\"wp-block-list\">\n<li>Negocia con datos reales<\/li>\n\n\n\n<li>Compra con total transparencia<\/li>\n<\/ul>\n<\/div>\n\n\n\n<div class=\"wp-block-column is-layout-flow wp-block-column-is-layout-flow\">\n<h4 class=\"wp-block-heading\">Seguridad<\/h4>\n\n\n\n<ul class=\"wp-block-list\">\n<li>Reduce riesgos<\/li>\n\n\n\n<li>Compara proveedores f\u00e1cilmente<\/li>\n<\/ul>\n<\/div>\n<\/div>\n<\/div>\n<\/div>\n","protected":false},"excerpt":{"rendered":"<p>Un \u00fanico valor para resumirlos a todos. El \u00edndice Indlab pone fin a la interpretaci\u00f3n de los resultados anal\u00edticos que exigen amplios conocimientos, personal especializado y tiempo, mucho tiempo. Cualquier interesado, en un solo golpe de vista podr\u00e1 saber qu\u00e9 aceite es mejor. VENDEDORES Posicionamiento Decisi\u00f3n estrat\u00e9gica Crecimiento COMPRADORES Selecci\u00f3n r\u00e1pida Compra inteligente Seguridad<\/p>\n","protected":false},"author":1,"featured_media":0,"parent":0,"menu_order":0,"comment_status":"closed","ping_status":"closed","template":"","meta":{"footnotes":""},"class_list":["post-9211","page","type-page","status-publish","hentry"],"_links":{"self":[{"href":"https:\/\/indlab.plus\/index.php\/wp-json\/wp\/v2\/pages\/9211","targetHints":{"allow":["GET"]}}],"collection":[{"href":"https:\/\/indlab.plus\/index.php\/wp-json\/wp\/v2\/pages"}],"about":[{"href":"https:\/\/indlab.plus\/index.php\/wp-json\/wp\/v2\/types\/page"}],"author":[{"embeddable":true,"href":"https:\/\/indlab.plus\/index.php\/wp-json\/wp\/v2\/users\/1"}],"replies":[{"embeddable":true,"href":"https:\/\/indlab.plus\/index.php\/wp-json\/wp\/v2\/comments?post=9211"}],"version-history":[{"count":10,"href":"https:\/\/indlab.plus\/index.php\/wp-json\/wp\/v2\/pages\/9211\/revisions"}],"predecessor-version":[{"id":9328,"href":"https:\/\/indlab.plus\/index.php\/wp-json\/wp\/v2\/pages\/9211\/revisions\/9328"}],"wp:attachment":[{"href":"https:\/\/indlab.plus\/index.php\/wp-json\/wp\/v2\/media?parent=9211"}],"curies":[{"name":"wp","href":"https:\/\/api.w.org\/{rel}","templated":true}]}}